{"id":5676,"date":"2023-12-12T13:40:52","date_gmt":"2023-12-12T12:40:52","guid":{"rendered":"https:\/\/barwina.pl\/team\/piotr-barwina\/"},"modified":"2025-01-31T12:32:30","modified_gmt":"2025-01-31T11:32:30","slug":"piotr-barwina","status":"publish","type":"page","link":"https:\/\/barwina.pl\/de\/team\/piotr-barwina\/","title":{"rendered":"Piotr Barwina"},"content":{"rendered":"<section data-bb-version=\"4.7.6\" id=\"bt_bb_section69e88c25a1e51\" class=\"bt_bb_section bt_bb_layout_wide bt_bb_vertical_align_top bt_bb_top_spacing_none bt_bb_bottom_spacing_none\"  data-bt-override-class=\"{&quot;bt_bb_top_spacing_&quot;:{&quot;current_class&quot;:&quot;bt_bb_top_spacing_none&quot;,&quot;def&quot;:&quot;none&quot;},&quot;bt_bb_bottom_spacing_&quot;:{&quot;current_class&quot;:&quot;bt_bb_bottom_spacing_none&quot;,&quot;def&quot;:&quot;none&quot;}}\"><div class=\"bt_bb_port\"><div class=\"bt_bb_cell\"><div class=\"bt_bb_cell_inner\"><div data-bb-version=\"4.7.6\" class=\"bt_bb_row  bt_bb_layout_special\"  data-bt-override-class=\"{}\"><div class=\"bt_bb_row_holder\" ><div data-bb-version=\"4.7.6\"  class=\"bt_bb_column col-xl-6 col-xs-12 col-sm-6 col-md-6 col-lg-6 team-big-photo bt_bb_align_left bt_bb_padding_normal\"  data-width=\"6\" data-bt-override-class=\"{&quot;bt_bb_align_&quot;:{&quot;current_class&quot;:&quot;bt_bb_align_left&quot;,&quot;def&quot;:&quot;left&quot;},&quot;bt_bb_padding_&quot;:{&quot;current_class&quot;:&quot;bt_bb_padding_normal&quot;,&quot;def&quot;:&quot;normal&quot;}}\"><div class=\"bt_bb_column_content bt_bb_vertical_align_top bt_bb_color_scheme_ btLazyLoadBackground bt_bb_column_background_image\" style=\"background-image:url(&#039;https:\/\/barwina.pl\/wp-content\/plugins\/bold-page-builder\/img\/blank.gif&#039;);\" data-background_image_src='https:\/\/barwina.pl\/wp-content\/uploads\/2023\/12\/Piotr-Barwina.jpg'><div class=\"bt_bb_column_content_inner\"><div data-bb-version=\"4.7.6\" class=\"bt_bb_separator bt_bb_border_style_none bt_bb_top_spacing_extra_large bt_bb_bottom_spacing_extra_large\" style=\"min-height:240px;\" data-bt-override-class=\"{&quot;bt_bb_top_spacing_&quot;:{&quot;current_class&quot;:&quot;bt_bb_top_spacing_extra_large&quot;,&quot;def&quot;:&quot;extra_large&quot;,&quot;md&quot;:&quot;large&quot;,&quot;sm&quot;:&quot;large&quot;,&quot;xs&quot;:&quot;large&quot;},&quot;bt_bb_bottom_spacing_&quot;:{&quot;current_class&quot;:&quot;bt_bb_bottom_spacing_extra_large&quot;,&quot;def&quot;:&quot;extra_large&quot;,&quot;md&quot;:&quot;large&quot;,&quot;sm&quot;:&quot;large&quot;,&quot;xs&quot;:&quot;large&quot;}}\"><\/div><\/div><\/div><\/div><div data-bb-version=\"4.7.6\"  class=\"bt_bb_column col-xl-6 col-xs-12 col-sm-6 col-md-6 col-lg-6 bt_bb_align_left bt_bb_padding_70\"  data-width=\"6\" data-bt-override-class=\"{&quot;bt_bb_align_&quot;:{&quot;current_class&quot;:&quot;bt_bb_align_left&quot;,&quot;def&quot;:&quot;left&quot;},&quot;bt_bb_padding_&quot;:{&quot;current_class&quot;:&quot;bt_bb_padding_70&quot;,&quot;def&quot;:&quot;70&quot;}}\"><div class=\"bt_bb_column_content bt_bb_vertical_align_top bt_bb_color_scheme_\"><div class=\"bt_bb_column_content_inner\"><div data-bb-version=\"4.7.6\" class=\"bt_bb_separator bt_bb_border_style_none bt_bb_top_spacing_large bt_bb_bottom_spacing_none\" data-bt-override-class=\"{&quot;bt_bb_top_spacing_&quot;:{&quot;current_class&quot;:&quot;bt_bb_top_spacing_large&quot;,&quot;def&quot;:&quot;large&quot;,&quot;md&quot;:&quot;medium&quot;,&quot;sm&quot;:&quot;medium&quot;,&quot;xs&quot;:&quot;medium&quot;},&quot;bt_bb_bottom_spacing_&quot;:{&quot;current_class&quot;:&quot;bt_bb_bottom_spacing_none&quot;,&quot;def&quot;:&quot;none&quot;}}\"><\/div><header data-bb-version=\"4.7.6\" class=\"bt_bb_headline bt_bb_subheadline_text_transform_default bt_bb_color_scheme_3 bt_bb_dash_none bt_bb_size_normal bt_bb_align_inherit\" style=\"; --primary-color:#2ca93a; --secondary-color:#191919;\" data-bt-override-class=\"{&quot;bt_bb_size_&quot;:{&quot;current_class&quot;:&quot;bt_bb_size_normal&quot;,&quot;def&quot;:&quot;normal&quot;},&quot;bt_bb_align_&quot;:{&quot;current_class&quot;:&quot;bt_bb_align_inherit&quot;,&quot;def&quot;:&quot;inherit&quot;}}\"><h1 class=\"bt_bb_headline_tag\"><span class=\"bt_bb_headline_content\"><span>Piotr Barwina<\/span><\/span><\/h1><\/header><div data-bb-version=\"4.7.6\" class=\"bt_bb_separator bt_bb_border_style_none bt_bb_top_spacing_normal bt_bb_bottom_spacing_none\" data-bt-override-class=\"{&quot;bt_bb_top_spacing_&quot;:{&quot;current_class&quot;:&quot;bt_bb_top_spacing_normal&quot;,&quot;def&quot;:&quot;normal&quot;},&quot;bt_bb_bottom_spacing_&quot;:{&quot;current_class&quot;:&quot;bt_bb_bottom_spacing_none&quot;,&quot;def&quot;:&quot;none&quot;}}\"><\/div><div data-bb-version=\"4.7.6\"  class=\"bt_bb_text\" ><\/p>\n<p style=\"text-align: justify;\">Rechtsanwalt Piotr Barwina ist Absolvent der Fakult\u00e4t f\u00fcr Recht und Verwaltung der Universit\u00e4t Szczecin und hat auch in Finnland &#8211; an der Universit\u00e4t Lappland &#8211; studiert.<\/p>\n<p style=\"text-align: justify;\">Bei der Vertretung seiner Mandanten in Strafverfahren zeichnet er sich durch besondere Effizienz aus. Er \u00fcbernimmt die Verteidigung in einem breiten Spektrum von F\u00e4llen &#8211; vor allem in Wirtschafts- und Kriminalit\u00e4tsstrafsachen. <\/p>\n<p style=\"text-align: justify;\">Er befasst sich auch mit Wirtschaftsunternehmen, einschlie\u00dflich ausl\u00e4ndischer Unternehmen. Erfolgreich vertritt er Mandanten, die am internationalen Kraftstoffhandel beteiligt sind, in Strafverfahren vor Steuerbeh\u00f6rden und Gerichten. <\/p>\n<p style=\"text-align: justify;\">Er ist ein Spezialist auf dem Gebiet des Schutzes personenbezogener Daten und als Datenschutzbeauftragter in vielen Einrichtungen, darunter auch in lokalen Regierungseinheiten, t\u00e4tig.<\/p>\n<p style=\"text-align: justify;\">Au\u00dferdem vertritt er Unternehmer in Verfahren gegen Auftragnehmer sowie in Streitigkeiten zwischen Gesellschaftern von Handelsgesellschaften. Vor Gericht vertritt er Privatpersonen bei der Durchsetzung ihrer Anspr\u00fcche aus dem Arbeitsverh\u00e4ltnis. Er vertritt erfolgreich Wohnungsbaugesellschaften in zivil- und strafrechtlichen Verfahren, in denen sie als gesch\u00e4digte Partei auftreten.  <\/p>\n<p style=\"text-align: justify;\">Spricht flie\u00dfend Englisch.<\/p>\n<p style=\"text-align: justify;\">Privat ist er ein praktizierender (wenn auch nur noch Amateur-) L\u00e4ufer und begeisterter Rennradfahrer.<\/p>\n<p>\n<\/div><div data-bb-version=\"4.7.6\" class=\"bt_bb_separator bt_bb_border_style_none bt_bb_top_spacing_large bt_bb_bottom_spacing_none\" data-bt-override-class=\"{&quot;bt_bb_top_spacing_&quot;:{&quot;current_class&quot;:&quot;bt_bb_top_spacing_large&quot;,&quot;def&quot;:&quot;large&quot;,&quot;md&quot;:&quot;medium&quot;,&quot;sm&quot;:&quot;medium&quot;,&quot;xs&quot;:&quot;medium&quot;},&quot;bt_bb_bottom_spacing_&quot;:{&quot;current_class&quot;:&quot;bt_bb_bottom_spacing_none&quot;,&quot;def&quot;:&quot;none&quot;}}\"><\/div><\/div><\/div><\/div><\/div><\/div><\/div><!-- cell_inner --><\/div><!-- cell --><\/div><!-- port --><\/section>\n","protected":false},"excerpt":{"rendered":"","protected":false},"author":1,"featured_media":0,"parent":5502,"menu_order":0,"comment_status":"closed","ping_status":"closed","template":"","meta":{"footnotes":""},"class_list":["post-5676","page","type-page","status-publish","hentry"],"yoast_head":"<!-- This site is optimized with the Yoast SEO plugin v27.0 - https:\/\/yoast.com\/product\/yoast-seo-wordpress\/ -->\n<title>Piotr Barwina &#8211; Anwaltskanzlei | Rechtsbeistand<\/title>\n<meta name=\"robots\" content=\"index, follow, max-snippet:-1, max-image-preview:large, max-video-preview:-1\" \/>\n<link rel=\"canonical\" href=\"https:\/\/barwina.pl\/de\/team\/piotr-barwina\/\" \/>\n<meta property=\"og:locale\" content=\"de_DE\" \/>\n<meta property=\"og:type\" content=\"article\" \/>\n<meta property=\"og:title\" content=\"Piotr Barwina &#8211; Anwaltskanzlei | Rechtsbeistand\" \/>\n<meta property=\"og:url\" content=\"https:\/\/barwina.pl\/de\/team\/piotr-barwina\/\" \/>\n<meta property=\"og:site_name\" content=\"Anwaltskanzlei | Rechtsbeistand\" \/>\n<meta property=\"article:publisher\" content=\"https:\/\/www.facebook.com\/kancelariaadwokackabbslegal\/\" \/>\n<meta property=\"article:modified_time\" content=\"2025-01-31T11:32:30+00:00\" \/>\n<meta property=\"og:image\" content=\"https:\/\/barwina.pl\/wp-content\/uploads\/2023\/12\/barwina-logo.png\" \/>\n\t<meta property=\"og:image:width\" content=\"1000\" \/>\n\t<meta property=\"og:image:height\" content=\"380\" \/>\n\t<meta property=\"og:image:type\" content=\"image\/png\" \/>\n<meta name=\"twitter:card\" content=\"summary_large_image\" \/>\n<meta name=\"twitter:label1\" content=\"Gesch\u00e4tzte Lesezeit\" \/>\n\t<meta name=\"twitter:data1\" content=\"4\u00a0Minuten\" \/>\n<script type=\"application\/ld+json\" class=\"yoast-schema-graph\">{\"@context\":\"https:\/\/schema.org\",\"@graph\":[{\"@type\":\"WebPage\",\"@id\":\"https:\/\/barwina.pl\/de\/team\/piotr-barwina\/\",\"url\":\"https:\/\/barwina.pl\/de\/team\/piotr-barwina\/\",\"name\":\"Piotr Barwina &#8211; Anwaltskanzlei | Rechtsbeistand\",\"isPartOf\":{\"@id\":\"https:\/\/barwina.pl\/de\/#website\"},\"datePublished\":\"2023-12-12T12:40:52+00:00\",\"dateModified\":\"2025-01-31T11:32:30+00:00\",\"breadcrumb\":{\"@id\":\"https:\/\/barwina.pl\/de\/team\/piotr-barwina\/#breadcrumb\"},\"inLanguage\":\"de\",\"potentialAction\":[{\"@type\":\"ReadAction\",\"target\":[\"https:\/\/barwina.pl\/de\/team\/piotr-barwina\/\"]}]},{\"@type\":\"BreadcrumbList\",\"@id\":\"https:\/\/barwina.pl\/de\/team\/piotr-barwina\/#breadcrumb\",\"itemListElement\":[{\"@type\":\"ListItem\",\"position\":1,\"name\":\"Strona g\u0142\u00f3wna\",\"item\":\"https:\/\/barwina.pl\/de\/\"},{\"@type\":\"ListItem\",\"position\":2,\"name\":\"Team\",\"item\":\"https:\/\/barwina.pl\/de\/team\/\"},{\"@type\":\"ListItem\",\"position\":3,\"name\":\"Piotr Barwina\"}]},{\"@type\":\"WebSite\",\"@id\":\"https:\/\/barwina.pl\/de\/#website\",\"url\":\"https:\/\/barwina.pl\/de\/\",\"name\":\"Kancelaria Adwokacka | Radca Prawny\",\"description\":\"Rechtsanwalt Dr. Zbigniew Barwina Szczecin\",\"publisher\":{\"@id\":\"https:\/\/barwina.pl\/de\/#organization\"},\"potentialAction\":[{\"@type\":\"SearchAction\",\"target\":{\"@type\":\"EntryPoint\",\"urlTemplate\":\"https:\/\/barwina.pl\/de\/?s={search_term_string}\"},\"query-input\":{\"@type\":\"PropertyValueSpecification\",\"valueRequired\":true,\"valueName\":\"search_term_string\"}}],\"inLanguage\":\"de\"},{\"@type\":\"Organization\",\"@id\":\"https:\/\/barwina.pl\/de\/#organization\",\"name\":\"Kancelaria Adwokacka | Radca Prawny\",\"url\":\"https:\/\/barwina.pl\/de\/\",\"logo\":{\"@type\":\"ImageObject\",\"inLanguage\":\"de\",\"@id\":\"https:\/\/barwina.pl\/de\/#\/schema\/logo\/image\/\",\"url\":\"https:\/\/barwina.pl\/wp-content\/uploads\/2023\/12\/barwina-logo.png\",\"contentUrl\":\"https:\/\/barwina.pl\/wp-content\/uploads\/2023\/12\/barwina-logo.png\",\"width\":1000,\"height\":380,\"caption\":\"Kancelaria Adwokacka | Radca Prawny\"},\"image\":{\"@id\":\"https:\/\/barwina.pl\/de\/#\/schema\/logo\/image\/\"},\"sameAs\":[\"https:\/\/www.facebook.com\/kancelariaadwokackabbslegal\/\"]}]}<\/script>\n<!-- \/ Yoast SEO plugin. -->","yoast_head_json":{"title":"Piotr Barwina &#8211; Anwaltskanzlei | Rechtsbeistand","robots":{"index":"index","follow":"follow","max-snippet":"max-snippet:-1","max-image-preview":"max-image-preview:large","max-video-preview":"max-video-preview:-1"},"canonical":"https:\/\/barwina.pl\/de\/team\/piotr-barwina\/","og_locale":"de_DE","og_type":"article","og_title":"Piotr Barwina &#8211; Anwaltskanzlei | Rechtsbeistand","og_url":"https:\/\/barwina.pl\/de\/team\/piotr-barwina\/","og_site_name":"Anwaltskanzlei | Rechtsbeistand","article_publisher":"https:\/\/www.facebook.com\/kancelariaadwokackabbslegal\/","article_modified_time":"2025-01-31T11:32:30+00:00","og_image":[{"width":1000,"height":380,"url":"https:\/\/barwina.pl\/wp-content\/uploads\/2023\/12\/barwina-logo.png","type":"image\/png"}],"twitter_card":"summary_large_image","twitter_misc":{"Gesch\u00e4tzte Lesezeit":"4\u00a0Minuten"},"schema":{"@context":"https:\/\/schema.org","@graph":[{"@type":"WebPage","@id":"https:\/\/barwina.pl\/de\/team\/piotr-barwina\/","url":"https:\/\/barwina.pl\/de\/team\/piotr-barwina\/","name":"Piotr Barwina &#8211; Anwaltskanzlei | Rechtsbeistand","isPartOf":{"@id":"https:\/\/barwina.pl\/de\/#website"},"datePublished":"2023-12-12T12:40:52+00:00","dateModified":"2025-01-31T11:32:30+00:00","breadcrumb":{"@id":"https:\/\/barwina.pl\/de\/team\/piotr-barwina\/#breadcrumb"},"inLanguage":"de","potentialAction":[{"@type":"ReadAction","target":["https:\/\/barwina.pl\/de\/team\/piotr-barwina\/"]}]},{"@type":"BreadcrumbList","@id":"https:\/\/barwina.pl\/de\/team\/piotr-barwina\/#breadcrumb","itemListElement":[{"@type":"ListItem","position":1,"name":"Strona g\u0142\u00f3wna","item":"https:\/\/barwina.pl\/de\/"},{"@type":"ListItem","position":2,"name":"Team","item":"https:\/\/barwina.pl\/de\/team\/"},{"@type":"ListItem","position":3,"name":"Piotr Barwina"}]},{"@type":"WebSite","@id":"https:\/\/barwina.pl\/de\/#website","url":"https:\/\/barwina.pl\/de\/","name":"Kancelaria Adwokacka | Radca Prawny","description":"Rechtsanwalt Dr. Zbigniew Barwina Szczecin","publisher":{"@id":"https:\/\/barwina.pl\/de\/#organization"},"potentialAction":[{"@type":"SearchAction","target":{"@type":"EntryPoint","urlTemplate":"https:\/\/barwina.pl\/de\/?s={search_term_string}"},"query-input":{"@type":"PropertyValueSpecification","valueRequired":true,"valueName":"search_term_string"}}],"inLanguage":"de"},{"@type":"Organization","@id":"https:\/\/barwina.pl\/de\/#organization","name":"Kancelaria Adwokacka | Radca Prawny","url":"https:\/\/barwina.pl\/de\/","logo":{"@type":"ImageObject","inLanguage":"de","@id":"https:\/\/barwina.pl\/de\/#\/schema\/logo\/image\/","url":"https:\/\/barwina.pl\/wp-content\/uploads\/2023\/12\/barwina-logo.png","contentUrl":"https:\/\/barwina.pl\/wp-content\/uploads\/2023\/12\/barwina-logo.png","width":1000,"height":380,"caption":"Kancelaria Adwokacka | Radca Prawny"},"image":{"@id":"https:\/\/barwina.pl\/de\/#\/schema\/logo\/image\/"},"sameAs":["https:\/\/www.facebook.com\/kancelariaadwokackabbslegal\/"]}]}},"_links":{"self":[{"href":"https:\/\/barwina.pl\/de\/wp-json\/wp\/v2\/pages\/5676","targetHints":{"allow":["GET"]}}],"collection":[{"href":"https:\/\/barwina.pl\/de\/wp-json\/wp\/v2\/pages"}],"about":[{"href":"https:\/\/barwina.pl\/de\/wp-json\/wp\/v2\/types\/page"}],"author":[{"embeddable":true,"href":"https:\/\/barwina.pl\/de\/wp-json\/wp\/v2\/users\/1"}],"replies":[{"embeddable":true,"href":"https:\/\/barwina.pl\/de\/wp-json\/wp\/v2\/comments?post=5676"}],"version-history":[{"count":2,"href":"https:\/\/barwina.pl\/de\/wp-json\/wp\/v2\/pages\/5676\/revisions"}],"predecessor-version":[{"id":5678,"href":"https:\/\/barwina.pl\/de\/wp-json\/wp\/v2\/pages\/5676\/revisions\/5678"}],"up":[{"embeddable":true,"href":"https:\/\/barwina.pl\/de\/wp-json\/wp\/v2\/pages\/5502"}],"wp:attachment":[{"href":"https:\/\/barwina.pl\/de\/wp-json\/wp\/v2\/media?parent=5676"}],"curies":[{"name":"wp","href":"https:\/\/api.w.org\/{rel}","templated":true}]}}