{"id":5682,"date":"2023-12-12T13:47:31","date_gmt":"2023-12-12T12:47:31","guid":{"rendered":"https:\/\/barwina.pl\/team\/michal-bialkowski\/"},"modified":"2025-01-31T13:40:29","modified_gmt":"2025-01-31T12:40:29","slug":"michal-bialkowski","status":"publish","type":"page","link":"https:\/\/barwina.pl\/de\/team\/michal-bialkowski\/","title":{"rendered":"Micha\u0142 Bia\u0142kowski"},"content":{"rendered":"<section data-bb-version=\"4.7.6\" id=\"bt_bb_section69e88c368245f\" class=\"bt_bb_section bt_bb_layout_wide bt_bb_vertical_align_top bt_bb_top_spacing_none bt_bb_bottom_spacing_none\"  data-bt-override-class=\"{&quot;bt_bb_top_spacing_&quot;:{&quot;current_class&quot;:&quot;bt_bb_top_spacing_none&quot;,&quot;def&quot;:&quot;none&quot;},&quot;bt_bb_bottom_spacing_&quot;:{&quot;current_class&quot;:&quot;bt_bb_bottom_spacing_none&quot;,&quot;def&quot;:&quot;none&quot;}}\"><div class=\"bt_bb_port\"><div class=\"bt_bb_cell\"><div class=\"bt_bb_cell_inner\"><div data-bb-version=\"4.7.6\" class=\"bt_bb_row  bt_bb_layout_special\"  data-bt-override-class=\"{}\"><div class=\"bt_bb_row_holder\" ><div data-bb-version=\"4.7.6\"  class=\"bt_bb_column col-xl-6 col-xs-12 col-sm-6 col-md-6 col-lg-6 team-big-photo bt_bb_align_left bt_bb_padding_normal\"  data-width=\"6\" data-bt-override-class=\"{&quot;bt_bb_align_&quot;:{&quot;current_class&quot;:&quot;bt_bb_align_left&quot;,&quot;def&quot;:&quot;left&quot;},&quot;bt_bb_padding_&quot;:{&quot;current_class&quot;:&quot;bt_bb_padding_normal&quot;,&quot;def&quot;:&quot;normal&quot;}}\"><div class=\"bt_bb_column_content bt_bb_vertical_align_top bt_bb_color_scheme_ btLazyLoadBackground bt_bb_column_background_image\" style=\"background-image:url(&#039;https:\/\/barwina.pl\/wp-content\/plugins\/bold-page-builder\/img\/blank.gif&#039;);\" data-background_image_src='https:\/\/barwina.pl\/wp-content\/uploads\/2023\/12\/Michal-Bialkowski.jpg'><div class=\"bt_bb_column_content_inner\"><div data-bb-version=\"4.7.6\" class=\"bt_bb_separator bt_bb_border_style_none bt_bb_top_spacing_extra_large bt_bb_bottom_spacing_extra_large\" style=\"min-height:240px;\" data-bt-override-class=\"{&quot;bt_bb_top_spacing_&quot;:{&quot;current_class&quot;:&quot;bt_bb_top_spacing_extra_large&quot;,&quot;def&quot;:&quot;extra_large&quot;,&quot;md&quot;:&quot;large&quot;,&quot;sm&quot;:&quot;large&quot;,&quot;xs&quot;:&quot;large&quot;},&quot;bt_bb_bottom_spacing_&quot;:{&quot;current_class&quot;:&quot;bt_bb_bottom_spacing_extra_large&quot;,&quot;def&quot;:&quot;extra_large&quot;,&quot;md&quot;:&quot;large&quot;,&quot;sm&quot;:&quot;large&quot;,&quot;xs&quot;:&quot;large&quot;}}\"><\/div><\/div><\/div><\/div><div data-bb-version=\"4.7.6\"  class=\"bt_bb_column col-xl-6 col-xs-12 col-sm-6 col-md-6 col-lg-6 bt_bb_align_left bt_bb_padding_70\"  data-width=\"6\" data-bt-override-class=\"{&quot;bt_bb_align_&quot;:{&quot;current_class&quot;:&quot;bt_bb_align_left&quot;,&quot;def&quot;:&quot;left&quot;},&quot;bt_bb_padding_&quot;:{&quot;current_class&quot;:&quot;bt_bb_padding_70&quot;,&quot;def&quot;:&quot;70&quot;}}\"><div class=\"bt_bb_column_content bt_bb_vertical_align_top bt_bb_color_scheme_\"><div class=\"bt_bb_column_content_inner\"><div data-bb-version=\"4.7.6\" class=\"bt_bb_separator bt_bb_border_style_none bt_bb_top_spacing_large bt_bb_bottom_spacing_none\" data-bt-override-class=\"{&quot;bt_bb_top_spacing_&quot;:{&quot;current_class&quot;:&quot;bt_bb_top_spacing_large&quot;,&quot;def&quot;:&quot;large&quot;,&quot;md&quot;:&quot;medium&quot;,&quot;sm&quot;:&quot;medium&quot;,&quot;xs&quot;:&quot;medium&quot;},&quot;bt_bb_bottom_spacing_&quot;:{&quot;current_class&quot;:&quot;bt_bb_bottom_spacing_none&quot;,&quot;def&quot;:&quot;none&quot;}}\"><\/div><header data-bb-version=\"4.7.6\" class=\"bt_bb_headline bt_bb_subheadline_text_transform_default bt_bb_color_scheme_3 bt_bb_dash_none bt_bb_size_normal bt_bb_align_inherit\" style=\"; --primary-color:#2ca93a; --secondary-color:#191919;\" data-bt-override-class=\"{&quot;bt_bb_size_&quot;:{&quot;current_class&quot;:&quot;bt_bb_size_normal&quot;,&quot;def&quot;:&quot;normal&quot;},&quot;bt_bb_align_&quot;:{&quot;current_class&quot;:&quot;bt_bb_align_inherit&quot;,&quot;def&quot;:&quot;inherit&quot;}}\"><h1 class=\"bt_bb_headline_tag\"><span class=\"bt_bb_headline_content\"><span>Micha\u0142 Bia\u0142kowski<\/span><\/span><\/h1><\/header><div data-bb-version=\"4.7.6\" class=\"bt_bb_separator bt_bb_border_style_none bt_bb_top_spacing_normal bt_bb_bottom_spacing_none\" data-bt-override-class=\"{&quot;bt_bb_top_spacing_&quot;:{&quot;current_class&quot;:&quot;bt_bb_top_spacing_normal&quot;,&quot;def&quot;:&quot;normal&quot;},&quot;bt_bb_bottom_spacing_&quot;:{&quot;current_class&quot;:&quot;bt_bb_bottom_spacing_none&quot;,&quot;def&quot;:&quot;none&quot;}}\"><\/div><div data-bb-version=\"4.7.6\"  class=\"bt_bb_text\" ><\/p>\n<p style=\"text-align: justify;\">Rechtsanwalt Micha\u0142 Bia\u0142kowski ist Absolvent der Fakult\u00e4t f\u00fcr Recht und Verwaltung der Adam-Mickiewicz-Universit\u00e4t in Pozna\u0144. <\/p>\n<p style=\"text-align: justify;\">Seine Erfahrungen bei der Erbringung von Rechtsdienstleistungen hat er seit 2009 in f\u00fchrenden Rechtsanwalts- und Rechtsberatungskanzleien in Pozna\u0144 gesammelt. Au\u00dferdem absolvierte er ein Praktikum in der Kanzlei eines deutschen Rechtsanwalts in L\u00f6cknitz. Im November 2012 begann er seine Zusammenarbeit mit Rechtsanwalt Zbigniew Barwina. In den Jahren 2013 bis 2015 absolvierte er seinen Anwaltsreferendariat bei Rechtsanwalt Zbigniew Barwina.      <\/p>\n<p style=\"text-align: justify;\">Er ist spezialisiert auf Zivilrecht, Kommunalrecht und Medizinrecht.<\/p>\n<p style=\"text-align: justify;\">Au\u00dferdem verf\u00fcgt er \u00fcber umfangreiche Erfahrung in der Rechtsberatung von Unternehmen, die in den Bereichen Bauwesen, Verkaufsautomaten und Maschinen t\u00e4tig sind. Er ist an zahlreichen Streitigkeiten beteiligt, die sich aus der Erf\u00fcllung von Vertr\u00e4gen in der freien Wirtschaft und von Vertr\u00e4gen, die unter dem Regime des \u00f6ffentlichen Vergaberechts geschlossen wurden, ergeben. Dank seiner fr\u00fcheren Erfahrung in Rechtsstreitigkeiten kann er Unternehmer auch bei der Vertragsgestaltung und -verhandlung wirksam unterst\u00fctzen.  <\/p>\n<p style=\"text-align: justify;\">Im Rahmen der juristischen Betreuung von Kommunalverwaltungen ist er f\u00fcr die Erstellung von Gutachten zu kommunalen Rechtsakten und die rechtliche Absicherung von Vertr\u00e4gen zust\u00e4ndig, die von \u00f6ffentlichen Einrichtungen abgeschlossen werden. Au\u00dferdem unterst\u00fctzt er die Organisationseinheiten der Gebietsk\u00f6rperschaften bei arbeitsrechtlichen Streitigkeiten und bei Verfahren vor den Verwaltungsgerichten. <\/p>\n<p style=\"text-align: justify;\">Er vertritt sowohl Patienten als auch Gesundheitseinrichtungen in sogenannten medizinischen Streitigkeiten. Er f\u00fchrt F\u00e4lle, die medizinische Fehler oder Krankenhausinfektionen betreffen, nicht nur vor den ordentlichen Gerichten, sondern auch vor den Berufshaftpflichtorganen der \u00c4rzte und den Provinzkommissionen f\u00fcr die Beurteilung medizinischer Ereignisse.  <\/p>\n<p style=\"text-align: justify;\">Micha\u0142 Bia\u0142kowski f\u00fchrt auch Rechtsstreitigkeiten im Bereich des Immobilienrechts (z.B. \u00fcber die Abrechnung von Immobilienaufwendungen, \u00fcber die Begr\u00fcndung von Dienstbarkeiten, \u00fcber die Abschaffung des Miteigentums oder \u00fcber die Erwerbsverj\u00e4hrung) oder des Erbrechts (z.B. \u00fcber einen Pflichtteil oder \u00fcber die Teilung der Erbschaft).<\/p>\n<p style=\"text-align: justify;\">Doktor der Rechtswissenschaften. Im Januar 2018 verteidigte er an der Fakult\u00e4t f\u00fcr Recht und Verwaltung der Adam-Mickiewicz-Universit\u00e4t in Pozna\u0144 seine Dissertation Schadensersatz bei \u00e4rztlicher Behandlung. Seit Oktober 2018 ist er Assistenzprofessor an der Fakult\u00e4t f\u00fcr Recht und Verwaltung der Universit\u00e4t Szczecin, wo er Studenten in den Bereichen Vertragsrecht, Patientenrechte und Zivilverfahren unterrichtet. Sein Hauptforschungsgebiet ist nach wie vor das Zivilrecht und das Zivilprozessrecht mit besonderem Schwerpunkt auf der Schadensersatzhaftung und der Frage der Nichterf\u00fcllung und Schlechterf\u00fcllung von Verpflichtungen aus gegenseitigen Vertr\u00e4gen. Seine Arbeiten wurden in renommierten polnischen und ausl\u00e4ndischen Fachzeitschriften ver\u00f6ffentlicht.       <\/p>\n<p style=\"text-align: justify;\">Er spricht flie\u00dfend Englisch und verst\u00e4ndigt sich gut auf Deutsch.<\/p>\n<p>\n<\/div><div data-bb-version=\"4.7.6\" class=\"bt_bb_separator bt_bb_border_style_none bt_bb_top_spacing_large bt_bb_bottom_spacing_none\" data-bt-override-class=\"{&quot;bt_bb_top_spacing_&quot;:{&quot;current_class&quot;:&quot;bt_bb_top_spacing_large&quot;,&quot;def&quot;:&quot;large&quot;,&quot;md&quot;:&quot;medium&quot;,&quot;sm&quot;:&quot;medium&quot;,&quot;xs&quot;:&quot;medium&quot;},&quot;bt_bb_bottom_spacing_&quot;:{&quot;current_class&quot;:&quot;bt_bb_bottom_spacing_none&quot;,&quot;def&quot;:&quot;none&quot;}}\"><\/div><\/div><\/div><\/div><\/div><\/div><\/div><!-- cell_inner --><\/div><!-- cell --><\/div><!-- port --><\/section>\n","protected":false},"excerpt":{"rendered":"","protected":false},"author":1,"featured_media":0,"parent":5502,"menu_order":0,"comment_status":"closed","ping_status":"closed","template":"","meta":{"footnotes":""},"class_list":["post-5682","page","type-page","status-publish","hentry"],"yoast_head":"<!-- This site is optimized with the Yoast SEO plugin v27.0 - https:\/\/yoast.com\/product\/yoast-seo-wordpress\/ -->\n<title>Micha\u0142 Bia\u0142kowski &#8211; Anwaltskanzlei | Rechtsbeistand<\/title>\n<meta name=\"robots\" content=\"index, follow, max-snippet:-1, max-image-preview:large, max-video-preview:-1\" \/>\n<link rel=\"canonical\" href=\"https:\/\/barwina.pl\/de\/team\/michal-bialkowski\/\" \/>\n<meta property=\"og:locale\" content=\"de_DE\" \/>\n<meta property=\"og:type\" content=\"article\" \/>\n<meta property=\"og:title\" content=\"Micha\u0142 Bia\u0142kowski &#8211; Anwaltskanzlei | Rechtsbeistand\" \/>\n<meta property=\"og:url\" content=\"https:\/\/barwina.pl\/de\/team\/michal-bialkowski\/\" \/>\n<meta property=\"og:site_name\" content=\"Anwaltskanzlei | Rechtsbeistand\" \/>\n<meta property=\"article:publisher\" content=\"https:\/\/www.facebook.com\/kancelariaadwokackabbslegal\/\" \/>\n<meta property=\"article:modified_time\" content=\"2025-01-31T12:40:29+00:00\" \/>\n<meta property=\"og:image\" content=\"https:\/\/barwina.pl\/wp-content\/uploads\/2023\/12\/barwina-logo.png\" \/>\n\t<meta property=\"og:image:width\" content=\"1000\" \/>\n\t<meta property=\"og:image:height\" content=\"380\" \/>\n\t<meta property=\"og:image:type\" content=\"image\/png\" \/>\n<meta name=\"twitter:card\" content=\"summary_large_image\" \/>\n<meta name=\"twitter:label1\" content=\"Gesch\u00e4tzte Lesezeit\" \/>\n\t<meta name=\"twitter:data1\" content=\"5\u00a0Minuten\" \/>\n<script type=\"application\/ld+json\" class=\"yoast-schema-graph\">{\"@context\":\"https:\/\/schema.org\",\"@graph\":[{\"@type\":\"WebPage\",\"@id\":\"https:\/\/barwina.pl\/de\/team\/michal-bialkowski\/\",\"url\":\"https:\/\/barwina.pl\/de\/team\/michal-bialkowski\/\",\"name\":\"Micha\u0142 Bia\u0142kowski &#8211; Anwaltskanzlei | Rechtsbeistand\",\"isPartOf\":{\"@id\":\"https:\/\/barwina.pl\/de\/#website\"},\"datePublished\":\"2023-12-12T12:47:31+00:00\",\"dateModified\":\"2025-01-31T12:40:29+00:00\",\"breadcrumb\":{\"@id\":\"https:\/\/barwina.pl\/de\/team\/michal-bialkowski\/#breadcrumb\"},\"inLanguage\":\"de\",\"potentialAction\":[{\"@type\":\"ReadAction\",\"target\":[\"https:\/\/barwina.pl\/de\/team\/michal-bialkowski\/\"]}]},{\"@type\":\"BreadcrumbList\",\"@id\":\"https:\/\/barwina.pl\/de\/team\/michal-bialkowski\/#breadcrumb\",\"itemListElement\":[{\"@type\":\"ListItem\",\"position\":1,\"name\":\"Strona g\u0142\u00f3wna\",\"item\":\"https:\/\/barwina.pl\/de\/\"},{\"@type\":\"ListItem\",\"position\":2,\"name\":\"Team\",\"item\":\"https:\/\/barwina.pl\/de\/team\/\"},{\"@type\":\"ListItem\",\"position\":3,\"name\":\"Micha\u0142 Bia\u0142kowski\"}]},{\"@type\":\"WebSite\",\"@id\":\"https:\/\/barwina.pl\/de\/#website\",\"url\":\"https:\/\/barwina.pl\/de\/\",\"name\":\"Kancelaria Adwokacka | Radca Prawny\",\"description\":\"Rechtsanwalt Dr. Zbigniew Barwina Szczecin\",\"publisher\":{\"@id\":\"https:\/\/barwina.pl\/de\/#organization\"},\"potentialAction\":[{\"@type\":\"SearchAction\",\"target\":{\"@type\":\"EntryPoint\",\"urlTemplate\":\"https:\/\/barwina.pl\/de\/?s={search_term_string}\"},\"query-input\":{\"@type\":\"PropertyValueSpecification\",\"valueRequired\":true,\"valueName\":\"search_term_string\"}}],\"inLanguage\":\"de\"},{\"@type\":\"Organization\",\"@id\":\"https:\/\/barwina.pl\/de\/#organization\",\"name\":\"Kancelaria Adwokacka | Radca Prawny\",\"url\":\"https:\/\/barwina.pl\/de\/\",\"logo\":{\"@type\":\"ImageObject\",\"inLanguage\":\"de\",\"@id\":\"https:\/\/barwina.pl\/de\/#\/schema\/logo\/image\/\",\"url\":\"https:\/\/barwina.pl\/wp-content\/uploads\/2023\/12\/barwina-logo.png\",\"contentUrl\":\"https:\/\/barwina.pl\/wp-content\/uploads\/2023\/12\/barwina-logo.png\",\"width\":1000,\"height\":380,\"caption\":\"Kancelaria Adwokacka | Radca Prawny\"},\"image\":{\"@id\":\"https:\/\/barwina.pl\/de\/#\/schema\/logo\/image\/\"},\"sameAs\":[\"https:\/\/www.facebook.com\/kancelariaadwokackabbslegal\/\"]}]}<\/script>\n<!-- \/ Yoast SEO plugin. -->","yoast_head_json":{"title":"Micha\u0142 Bia\u0142kowski &#8211; Anwaltskanzlei | Rechtsbeistand","robots":{"index":"index","follow":"follow","max-snippet":"max-snippet:-1","max-image-preview":"max-image-preview:large","max-video-preview":"max-video-preview:-1"},"canonical":"https:\/\/barwina.pl\/de\/team\/michal-bialkowski\/","og_locale":"de_DE","og_type":"article","og_title":"Micha\u0142 Bia\u0142kowski &#8211; Anwaltskanzlei | Rechtsbeistand","og_url":"https:\/\/barwina.pl\/de\/team\/michal-bialkowski\/","og_site_name":"Anwaltskanzlei | Rechtsbeistand","article_publisher":"https:\/\/www.facebook.com\/kancelariaadwokackabbslegal\/","article_modified_time":"2025-01-31T12:40:29+00:00","og_image":[{"width":1000,"height":380,"url":"https:\/\/barwina.pl\/wp-content\/uploads\/2023\/12\/barwina-logo.png","type":"image\/png"}],"twitter_card":"summary_large_image","twitter_misc":{"Gesch\u00e4tzte Lesezeit":"5\u00a0Minuten"},"schema":{"@context":"https:\/\/schema.org","@graph":[{"@type":"WebPage","@id":"https:\/\/barwina.pl\/de\/team\/michal-bialkowski\/","url":"https:\/\/barwina.pl\/de\/team\/michal-bialkowski\/","name":"Micha\u0142 Bia\u0142kowski &#8211; Anwaltskanzlei | Rechtsbeistand","isPartOf":{"@id":"https:\/\/barwina.pl\/de\/#website"},"datePublished":"2023-12-12T12:47:31+00:00","dateModified":"2025-01-31T12:40:29+00:00","breadcrumb":{"@id":"https:\/\/barwina.pl\/de\/team\/michal-bialkowski\/#breadcrumb"},"inLanguage":"de","potentialAction":[{"@type":"ReadAction","target":["https:\/\/barwina.pl\/de\/team\/michal-bialkowski\/"]}]},{"@type":"BreadcrumbList","@id":"https:\/\/barwina.pl\/de\/team\/michal-bialkowski\/#breadcrumb","itemListElement":[{"@type":"ListItem","position":1,"name":"Strona g\u0142\u00f3wna","item":"https:\/\/barwina.pl\/de\/"},{"@type":"ListItem","position":2,"name":"Team","item":"https:\/\/barwina.pl\/de\/team\/"},{"@type":"ListItem","position":3,"name":"Micha\u0142 Bia\u0142kowski"}]},{"@type":"WebSite","@id":"https:\/\/barwina.pl\/de\/#website","url":"https:\/\/barwina.pl\/de\/","name":"Kancelaria Adwokacka | Radca Prawny","description":"Rechtsanwalt Dr. Zbigniew Barwina Szczecin","publisher":{"@id":"https:\/\/barwina.pl\/de\/#organization"},"potentialAction":[{"@type":"SearchAction","target":{"@type":"EntryPoint","urlTemplate":"https:\/\/barwina.pl\/de\/?s={search_term_string}"},"query-input":{"@type":"PropertyValueSpecification","valueRequired":true,"valueName":"search_term_string"}}],"inLanguage":"de"},{"@type":"Organization","@id":"https:\/\/barwina.pl\/de\/#organization","name":"Kancelaria Adwokacka | Radca Prawny","url":"https:\/\/barwina.pl\/de\/","logo":{"@type":"ImageObject","inLanguage":"de","@id":"https:\/\/barwina.pl\/de\/#\/schema\/logo\/image\/","url":"https:\/\/barwina.pl\/wp-content\/uploads\/2023\/12\/barwina-logo.png","contentUrl":"https:\/\/barwina.pl\/wp-content\/uploads\/2023\/12\/barwina-logo.png","width":1000,"height":380,"caption":"Kancelaria Adwokacka | Radca Prawny"},"image":{"@id":"https:\/\/barwina.pl\/de\/#\/schema\/logo\/image\/"},"sameAs":["https:\/\/www.facebook.com\/kancelariaadwokackabbslegal\/"]}]}},"_links":{"self":[{"href":"https:\/\/barwina.pl\/de\/wp-json\/wp\/v2\/pages\/5682","targetHints":{"allow":["GET"]}}],"collection":[{"href":"https:\/\/barwina.pl\/de\/wp-json\/wp\/v2\/pages"}],"about":[{"href":"https:\/\/barwina.pl\/de\/wp-json\/wp\/v2\/types\/page"}],"author":[{"embeddable":true,"href":"https:\/\/barwina.pl\/de\/wp-json\/wp\/v2\/users\/1"}],"replies":[{"embeddable":true,"href":"https:\/\/barwina.pl\/de\/wp-json\/wp\/v2\/comments?post=5682"}],"version-history":[{"count":4,"href":"https:\/\/barwina.pl\/de\/wp-json\/wp\/v2\/pages\/5682\/revisions"}],"predecessor-version":[{"id":5766,"href":"https:\/\/barwina.pl\/de\/wp-json\/wp\/v2\/pages\/5682\/revisions\/5766"}],"up":[{"embeddable":true,"href":"https:\/\/barwina.pl\/de\/wp-json\/wp\/v2\/pages\/5502"}],"wp:attachment":[{"href":"https:\/\/barwina.pl\/de\/wp-json\/wp\/v2\/media?parent=5682"}],"curies":[{"name":"wp","href":"https:\/\/api.w.org\/{rel}","templated":true}]}}